{"id":297,"date":"2025-02-19T08:45:36","date_gmt":"2025-02-19T08:45:36","guid":{"rendered":"https:\/\/staiging.relaxgas.de\/?page_id=297"},"modified":"2025-03-27T18:41:12","modified_gmt":"2025-03-27T18:41:12","slug":"datenschutzerklaerung","status":"publish","type":"page","link":"https:\/\/www.relaxgas.de\/index.php\/datenschutzerklaerung\/","title":{"rendered":"Datenschutzerkl\u00e4rung"},"content":{"rendered":"\t\t<div data-elementor-type=\"wp-page\" data-elementor-id=\"297\" class=\"elementor elementor-297\">\n\t\t\t\t<div class=\"elementor-element elementor-element-d2a1262 e-con-full e-flex e-con e-parent\" data-id=\"d2a1262\" data-element_type=\"container\" data-e-type=\"container\">\n\t\t\t\t<div class=\"elementor-element elementor-element-afd1c91 elementor-widget elementor-widget-text-editor\" data-id=\"afd1c91\" data-element_type=\"widget\" data-e-type=\"widget\" data-widget_type=\"text-editor.default\">\n\t\t\t\t<div class=\"elementor-widget-container\">\n\t\t\t\t\t\t\t\t\t\n<h2 class=\"wp-block-heading\">Datenschutzerkl\u00e4rung<\/h2>\n\n\n\n<p>Personenbezogene Daten (nachfolgend zumeist nur \u201eDaten\u201c genannt) werden von uns nur im Rahmen der Erforderlichkeit sowie zum Zwecke der Bereitstellung eines funktionsf\u00e4higen und nutzerfreundlichen Internetauftritts, inklusive seiner Inhalte und der dort angebotenen Leistungen, verarbeitet.<\/p>\n\n\n\n<p>Gem\u00e4\u00df <a href=\"https:\/\/dejure.org\/gesetze\/DSGVO\/4.html\" title=\"Art. 4 DSGVO: Begriffsbestimmungen\" rel=\"nofollow noopener\" target=\"_blank\">Art. 4 Ziffer 1<\/a>. der Verordnung (EU) 2016\/679, also der Datenschutz-Grundverordnung (nachfolgend nur \u201eDSGVO\u201c genannt), gilt als \u201eVerarbeitung\u201c jeder mit oder ohne Hilfe automatisierter Verfahren ausgef\u00fchrter Vorgang oder jede solche Vorgangsreihe im Zusammenhang mit personenbezogenen Daten, wie das Erheben, das Erfassen, die Organisation, das Ordnen, die Speicherung, die Anpassung oder Ver\u00e4nderung, das Auslesen, das Abfragen, die Verwendung, die Offenlegung durch \u00dcbermittlung, Verbreitung oder eine andere Form der Bereitstellung, den Abgleich oder die Verkn\u00fcpfung, die Einschr\u00e4nkung, das L\u00f6schen oder die Vernichtung.<\/p>\n\n\n\n<p>Mit der nachfolgenden Datenschutzerkl\u00e4rung informieren wir Sie insbesondere \u00fcber Art, Umfang, Zweck, Dauer und Rechtsgrundlage der Verarbeitung personenbezogener Daten, soweit wir entweder allein oder gemeinsam mit anderen \u00fcber die Zwecke und Mittel der Verarbeitung entscheiden. Zudem informieren wir Sie nachfolgend \u00fcber die von uns zu Optimierungszwecken sowie zur Steigerung der Nutzungsqualit\u00e4t eingesetzten Fremdkomponenten, soweit hierdurch Dritte Daten in wiederum eigener Verantwortung verarbeiten.<\/p>\n\n\n\n<p>Unsere Datenschutzerkl\u00e4rung ist wie folgt gegliedert:<\/p>\n\n\n\n<p>I. Informationen \u00fcber uns als Verantwortliche<br>II. Rechte der Nutzer und Betroffenen<br>III. Informationen zur Datenverarbeitung<\/p>\n\n\n\n<h3 class=\"wp-block-heading\">I. Informationen \u00fcber uns als Verantwortliche<\/h3>\n\n\n\n<p>Verantwortlicher Anbieter dieses Internetauftritts im datenschutzrechtlichen Sinne ist:<\/p>\n\n\n\noptimization.engineers GmbH<br>Dipl.-Ing. Heiko Sch\u00e4fer<br>Werksstra\u00dfe 15<br>45527 Hattingen\n\n\n\n<p>Telefon: +49 2324 68629-00<br>Telefax: +49 2324 68629-01<br>E-Mail: info@relaxgas.de\n\n\n<h3 class=\"wp-block-heading\">II. Rechte der Nutzer und Betroffenen<\/h3>\n\n\n\n<p>Mit Blick auf die nachfolgend noch n\u00e4her beschriebene Datenverarbeitung haben die Nutzer und Betroffenen das Recht<\/p>\n\n\n\n<ul class=\"wp-block-list\">\n<li>auf Best\u00e4tigung, ob sie betreffende Daten verarbeitet werden, auf Auskunft \u00fcber die verarbeiteten Daten, auf weitere Informationen \u00fcber die Datenverarbeitung sowie auf Kopien der Daten (vgl. auch <a href=\"https:\/\/dejure.org\/gesetze\/DSGVO\/15.html\" title=\"Art. 15 DSGVO: Auskunftsrecht der betroffenen Person\" rel=\"nofollow noopener\" target=\"_blank\">Art. 15 DSGVO<\/a>);<\/li>\n\n\n\n<li>auf Berichtigung oder Vervollst\u00e4ndigung unrichtiger bzw. unvollst\u00e4ndiger Daten (vgl. auch <a href=\"https:\/\/dejure.org\/gesetze\/DSGVO\/16.html\" title=\"Art. 16 DSGVO: Recht auf Berichtigung\" rel=\"nofollow noopener\" target=\"_blank\">Art. 16 DSGVO<\/a>);<\/li>\n\n\n\n<li>auf unverz\u00fcgliche L\u00f6schung der sie betreffenden Daten (vgl. auch <a href=\"https:\/\/dejure.org\/gesetze\/DSGVO\/17.html\" title=\"Art. 17 DSGVO: Recht auf L\u00f6schung (&quot;Recht auf Vergessenwerden&quot;)\" rel=\"nofollow noopener\" target=\"_blank\">Art. 17 DSGVO<\/a>), oder, alternativ, soweit eine weitere Verarbeitung gem\u00e4\u00df <a href=\"https:\/\/dejure.org\/gesetze\/DSGVO\/17.html\" title=\"Art. 17 DSGVO: Recht auf L\u00f6schung (&quot;Recht auf Vergessenwerden&quot;)\" rel=\"nofollow noopener\" target=\"_blank\">Art. 17 Abs. 3 DSGVO<\/a> erforderlich ist, auf Einschr\u00e4nkung der Verarbeitung nach Ma\u00dfgabe von <a href=\"https:\/\/dejure.org\/gesetze\/DSGVO\/18.html\" title=\"Art. 18 DSGVO: Recht auf Einschr\u00e4nkung der Verarbeitung\" rel=\"nofollow noopener\" target=\"_blank\">Art. 18 DSGVO<\/a>;<\/li>\n\n\n\n<li>auf Erhalt der sie betreffenden und von ihnen bereitgestellten Daten und auf \u00dcbermittlung dieser Daten an andere Anbieter\/Verantwortliche (vgl. auch <a href=\"https:\/\/dejure.org\/gesetze\/DSGVO\/20.html\" title=\"Art. 20 DSGVO: Recht auf Daten\u00fcbertragbarkeit\" rel=\"nofollow noopener\" target=\"_blank\">Art. 20 DSGVO<\/a>);<\/li>\n\n\n\n<li>auf Beschwerde gegen\u00fcber der Aufsichtsbeh\u00f6rde, sofern sie der Ansicht sind, dass die sie betreffenden Daten durch den Anbieter unter Versto\u00df gegen datenschutzrechtliche Bestimmungen verarbeitet werden (vgl. auch <a href=\"https:\/\/dejure.org\/gesetze\/DSGVO\/77.html\" title=\"Art. 77 DSGVO: Recht auf Beschwerde bei einer Aufsichtsbeh\u00f6rde\" rel=\"nofollow noopener\" target=\"_blank\">Art. 77 DSGVO<\/a>).<\/li>\n<\/ul>\n\n\n\n<p>Dar\u00fcber hinaus ist der Anbieter dazu verpflichtet, alle Empf\u00e4nger, denen gegen\u00fcber Daten durch den Anbieter offengelegt worden sind, \u00fcber jedwede Berichtigung oder L\u00f6schung von Daten oder die Einschr\u00e4nkung der Verarbeitung, die aufgrund der <a href=\"https:\/\/dejure.org\/gesetze\/DSGVO\/16.html\" title=\"Art. 16 DSGVO: Recht auf Berichtigung\" rel=\"nofollow noopener\" target=\"_blank\">Artikel 16<\/a>, <a href=\"https:\/\/dejure.org\/gesetze\/DSGVO\/17.html\" title=\"Art. 17 DSGVO: Recht auf L\u00f6schung (&quot;Recht auf Vergessenwerden&quot;)\" rel=\"nofollow noopener\" target=\"_blank\">17 Abs. 1<\/a>, <a href=\"https:\/\/dejure.org\/gesetze\/DSGVO\/18.html\" title=\"Art. 18 DSGVO: Recht auf Einschr\u00e4nkung der Verarbeitung\" rel=\"nofollow noopener\" target=\"_blank\">18 DSGVO<\/a> erfolgt, zu unterrichten. Diese Verpflichtung besteht jedoch nicht, soweit diese Mitteilung unm\u00f6glich oder mit einem unverh\u00e4ltnism\u00e4\u00dfigen Aufwand verbunden ist. Unbeschadet dessen hat der Nutzer ein Recht auf Auskunft \u00fcber diese Empf\u00e4nger.<\/p>\n\n\n\n<p><strong>Ebenfalls haben die Nutzer und Betroffenen nach <a href=\"https:\/\/dejure.org\/gesetze\/DSGVO\/21.html\" title=\"Art. 21 DSGVO: Widerspruchsrecht\" rel=\"nofollow noopener\" target=\"_blank\">Art. 21 DSGVO<\/a> das Recht auf Widerspruch gegen die k\u00fcnftige Verarbeitung der sie betreffenden Daten, sofern die Daten durch den Anbieter nach Ma\u00dfgabe von <a href=\"https:\/\/dejure.org\/gesetze\/DSGVO\/6.html\" title=\"Art. 6 DSGVO: Rechtm\u00e4\u00dfigkeit der Verarbeitung\" rel=\"nofollow noopener\" target=\"_blank\">Art. 6 Abs. 1 lit. f) DSGVO<\/a> verarbeitet werden. Insbesondere ist ein Widerspruch gegen die Datenverarbeitung zum Zwecke der Direktwerbung statthaft.<\/strong><\/p>\n\n\n\n<h3 class=\"wp-block-heading\">III. Informationen zur Datenverarbeitung<\/h3>\n\n\n\n<p>Ihre bei Nutzung unseres Internetauftritts verarbeiteten Daten werden gel\u00f6scht oder gesperrt, sobald der Zweck der Speicherung entf\u00e4llt, der L\u00f6schung der Daten keine gesetzlichen Aufbewahrungspflichten entgegenstehen und nachfolgend keine anderslautenden Angaben zu einzelnen Verarbeitungsverfahren gemacht werden.<\/p>\n<h4 class=\"jet-listing-dynamic-field__content\">Cookie Manager <\/h4><p>Zur Einholung einer Einwilligung zum Einsatz von technisch nicht notwendigen Cookies auf der Website, setzt der Anbieter einen Cookie-Manager ein.<\/p>\n<p>Bei dem Aufruf der Website wird ein Cookie mit den Einstellungsinformationen auf dem Endger\u00e4t des Nutzers abgelegt, sodass bei einem weiteren Besuch die Abfrage in Bezug auf die Einwilligung nicht erfolgen muss.<\/p>\n<p>Das Cookie ist erforderlich um eine rechtskonforme Einwilligung des Nutzers einzuholen.<\/p>\n<p>Die Installation der Cookies kann der Nutzer durch Einstellungen seines Browsers verhindern bzw. beenden.<\/p>\n<h4 class=\"jet-listing-dynamic-field__content\">Cookies<\/h4><h5>a) Sitzungs-Cookies\/Session-Cookies<\/h5>\n<p>Wir verwenden mit unserem Internetauftritt sog. Cookies. Cookies sind kleine Textdateien oder andere Speichertechnologien, die durch den von Ihnen eingesetzten Internet-Browser auf Ihrem Endger\u00e4t ablegt und gespeichert werden. Durch diese Cookies werden im individuellen Umfang bestimmte Informationen von Ihnen, wie beispielsweise Ihre Browser- oder Standortdaten oder Ihre IP-Adresse, verarbeitet.<\/p>\n<p>Durch diese Verarbeitung wird unser Internetauftritt benutzerfreundlicher, effektiver und sicherer, da die Verarbeitung bspw. die Wiedergabe unseres Internetauftritts in unterschiedlichen Sprachen oder das Angebot einer Warenkorbfunktion erm\u00f6glicht.<\/p>\n<p>Rechtsgrundlage dieser Verarbeitung ist Art. 6 Abs. 1 lit b.) DSGVO, sofern diese Cookies Daten zur Vertragsanbahnung oder Vertragsabwicklung verarbeitet werden.<\/p>\n<p>Falls die Verarbeitung nicht der Vertragsanbahnung oder Vertragsabwicklung dient, liegt unser berechtigtes Interesse in der Verbesserung der Funktionalit\u00e4t unseres Internetauftritts. Rechtsgrundlage ist in dann <a href=\"https:\/\/dejure.org\/gesetze\/DSGVO\/6.html\" title=\"Art. 6 DSGVO: Rechtm\u00e4\u00dfigkeit der Verarbeitung\" rel=\"nofollow noopener\" target=\"_blank\">Art. 6 Abs. 1 lit. f) DSGVO<\/a>.<\/p>\n<p>Mit Schlie\u00dfen Ihres Internet-Browsers werden diese Session-Cookies gel\u00f6scht.<\/p>\n<h5>b) Drittanbieter-Cookies<\/h5>\n<p>Gegebenenfalls werden mit unserem Internetauftritt auch Cookies von Partnerunternehmen, mit denen wir zum Zwecke der Werbung, der Analyse oder der Funktionalit\u00e4ten unseres Internetauftritts zusammenarbeiten, verwendet.<\/p>\n<p>Die Einzelheiten hierzu, insbesondere zu den Zwecken und den Rechtsgrundlagen der Verarbeitung solcher Drittanbieter-Cookies, entnehmen Sie bitte den nachfolgenden Informationen.<\/p>\n<h5>c) Beseitigungsm\u00f6glichkeit<\/h5>\n<p>Sie k\u00f6nnen die Installation der Cookies durch eine Einstellung Ihres Internet-Browsers verhindern oder einschr\u00e4nken. Ebenfalls k\u00f6nnen Sie bereits gespeicherte Cookies jederzeit l\u00f6schen. Die hierf\u00fcr erforderlichen Schritte und Ma\u00dfnahmen h\u00e4ngen jedoch von Ihrem konkret genutzten Internet-Browser ab. Bei Fragen benutzen Sie daher bitte die Hilfefunktion oder Dokumentation Ihres Internet-Browsers oder wenden sich an dessen Hersteller bzw. Support. Bei sog. Flash-Cookies kann die Verarbeitung allerdings nicht \u00fcber die Einstellungen des Browsers unterbunden werden. Stattdessen m\u00fcssen Sie insoweit die Einstellung Ihres Flash-Players \u00e4ndern. Auch die hierf\u00fcr erforderlichen Schritte und Ma\u00dfnahmen h\u00e4ngen von Ihrem konkret genutzten Flash-Player ab. Bei Fragen benutzen Sie daher bitte ebenso die Hilfefunktion oder Dokumentation Ihres Flash-Players oder wenden sich an den Hersteller bzw. Benutzer-Support.<\/p>\n<p>Sollten Sie die Installation der Cookies verhindern oder einschr\u00e4nken, kann dies allerdings dazu f\u00fchren, dass nicht s\u00e4mtliche Funktionen unseres Internetauftritts vollumf\u00e4nglich nutzbar sind.<\/p>\n<h4 class=\"jet-listing-dynamic-field__content\">Kontaktanfragen \/ Kontaktm\u00f6glichkeit<\/h4><p>Sofern Sie per Kontaktformular oder E-Mail mit uns in Kontakt treten, werden die dabei von Ihnen angegebenen Daten zur Bearbeitung Ihrer Anfrage genutzt. Die Angabe der Daten ist zur Bearbeitung und Beantwortung Ihre Anfrage erforderlich \u2013 ohne deren Bereitstellung k\u00f6nnen wir Ihre Anfrage nicht oder allenfalls eingeschr\u00e4nkt beantworten.<\/p>\n<p>Rechtsgrundlage f\u00fcr diese Verarbeitung ist <a href=\"https:\/\/dejure.org\/gesetze\/DSGVO\/6.html\" title=\"Art. 6 DSGVO: Rechtm\u00e4\u00dfigkeit der Verarbeitung\" rel=\"nofollow noopener\" target=\"_blank\">Art. 6 Abs. 1 lit. b) DSGVO<\/a>.<\/p>\n<p>Ihre Daten werden gel\u00f6scht, sofern Ihre Anfrage abschlie\u00dfend beantwortet worden ist und der L\u00f6schung keine gesetzlichen Aufbewahrungspflichten entgegenstehen, wie bspw. bei einer sich etwaig anschlie\u00dfenden Vertragsabwicklung.<\/p>\n<h4 class=\"jet-listing-dynamic-field__content\">Serverdaten<\/h4><p>Aus technischen Gr\u00fcnden, insbesondere zur Gew\u00e4hrleistung eines sicheren und stabilen Internetauftritts, werden Daten durch Ihren Internet-Browser an uns bzw. an unseren Webspace-Provider \u00fcbermittelt. Mit diesen sog. Server-Logfiles werden u.a. Typ und Version Ihres Internetbrowsers, das Betriebssystem, die Website, von der aus Sie auf unseren Internetauftritt gewechselt haben (Referrer URL), die Website(s) unseres Internetauftritts, die Sie besuchen, Datum und Uhrzeit des jeweiligen Zugriffs sowie die IP-Adresse des Internetanschlusses, von dem aus die Nutzung unseres Internetauftritts erfolgt, erhoben.<\/p>\n<p>Diese so erhobenen Daten werden vorr\u00fcbergehend gespeichert, dies jedoch nicht gemeinsam mit anderen Daten von Ihnen.<\/p>\n<p>Diese Speicherung erfolgt auf der Rechtsgrundlage von <a href=\"https:\/\/dejure.org\/gesetze\/DSGVO\/6.html\" title=\"Art. 6 DSGVO: Rechtm\u00e4\u00dfigkeit der Verarbeitung\" rel=\"nofollow noopener\" target=\"_blank\">Art. 6 Abs. 1 lit. f) DSGVO<\/a>. Unser berechtigtes Interesse liegt in der Verbesserung, Stabilit\u00e4t, Funktionalit\u00e4t und Sicherheit unseres Internetauftritts.<\/p>\n<p>Die Daten werden sp\u00e4testens nach sieben Tage wieder gel\u00f6scht, soweit keine weitere Aufbewahrung zu Beweiszwecken erforderlich ist. Andernfalls sind die Daten bis zur endg\u00fcltigen Kl\u00e4rung eines Vorfalls ganz oder teilweise von der L\u00f6schung ausgenommen.<\/p>\n<h4 class=\"jet-listing-dynamic-field__content\">Google Fonts<\/h4><p>In unserem Internetauftritt setzen wir Google Fonts zur Darstellung externer Schriftarten ein. Es handelt sich hierbei um einen Dienst der Google Ireland Limited, Gordon House, Barrow Street, Dublin 4, Irland, nachfolgend nur \u201eGoogle\u201c genannt.<\/p>\n<p>Um die Darstellung bestimmter Schriften in unserem Internetauftritt zu erm\u00f6glichen, wird bei Aufruf unseres Internetauftritts eine Verbindung zu dem Google-Server in den USA aufgebaut.<\/p>\n<p>Rechtsgrundlage ist <a href=\"https:\/\/dejure.org\/gesetze\/DSGVO\/6.html\" title=\"Art. 6 DSGVO: Rechtm\u00e4\u00dfigkeit der Verarbeitung\" rel=\"nofollow noopener\" target=\"_blank\">Art. 6 Abs. 1 lit. f) DSGVO<\/a>. Unser berechtigtes Interesse liegt in der Optimierung und dem wirtschaftlichen Betrieb unseres Internetauftritts.<\/p>\n<p>Durch die bei Aufruf unseres Internetauftritts hergestellte Verbindung zu Google kann Google ermitteln, von welcher Website Ihre Anfrage gesendet worden ist und an welche IP-Adresse die Darstellung der Schrift zu \u00fcbermitteln ist.<\/p>\n<p>Google bietet unter<\/p>\n<p><a href=\"https:\/\/adssettings.google.com\/authenticated\" target=\"_blank\" rel=\"noopener nofollow\">https:\/\/adssettings.google.com\/authenticated<\/a><\/p>\n<p><a href=\"https:\/\/policies.google.com\/privacy\" target=\"_blank\" rel=\"noopener nofollow\">https:\/\/policies.google.com\/privacy<\/a><\/p>\n<p>weitere Informationen an und zwar insbesondere zu den M\u00f6glichkeiten der Unterbindung der Datennutzung.<\/p>\n\n<p><a href=\"https:\/\/www.generator-datenschutzerkl\u00e4rung.de\" target=\"_blank\" rel=\"noopener\">Muster-Datenschutzerkl\u00e4rung<\/a> der <a href=\"https:\/\/www.bewertung-l\u00f6schen24.de\" rel=\"nofollow noopener\" target=\"_blank\">Anwaltskanzlei Wei\u00df &amp; Partner<\/a><\/p>\n\t\t\t\t\t\t\t\t<\/div>\n\t\t\t\t<\/div>\n\t\t\t\t<\/div>\n\t\t\t\t<\/div>\n\t\t","protected":false},"excerpt":{"rendered":"<p>Datenschutzerkl\u00e4rung Personenbezogene Daten (nachfolgend zumeist nur \u201eDaten\u201c genannt) werden von uns nur im Rahmen der Erforderlichkeit sowie zum Zwecke der Bereitstellung eines funktionsf\u00e4higen und nutzerfreundlichen Internetauftritts, inklusive seiner Inhalte und der dort angebotenen Leistungen, verarbeitet. Gem\u00e4\u00df Art. 4 Ziffer 1. der Verordnung (EU) 2016\/679, also der Datenschutz-Grundverordnung (nachfolgend nur \u201eDSGVO\u201c genannt), gilt als \u201eVerarbeitung\u201c jeder [&hellip;]<\/p>\n","protected":false},"author":1,"featured_media":0,"parent":0,"menu_order":0,"comment_status":"closed","ping_status":"closed","template":"","meta":{"footnotes":""},"class_list":["post-297","page","type-page","status-publish","hentry"],"blocksy_meta":[],"yoast_head":"<!-- This site is optimized with the Yoast SEO plugin v27.0 - https:\/\/yoast.com\/product\/yoast-seo-wordpress\/ -->\n<title>Datenschutzerkl\u00e4rung - Optimization Engineers<\/title>\n<meta name=\"robots\" content=\"index, follow, max-snippet:-1, max-image-preview:large, max-video-preview:-1\" \/>\n<link rel=\"canonical\" href=\"https:\/\/www.relaxgas.de\/index.php\/datenschutzerklaerung\/\" \/>\n<meta property=\"og:locale\" content=\"de_DE\" \/>\n<meta property=\"og:type\" content=\"article\" \/>\n<meta property=\"og:title\" content=\"Datenschutzerkl\u00e4rung - Optimization Engineers\" \/>\n<meta property=\"og:description\" content=\"Datenschutzerkl\u00e4rung Personenbezogene Daten (nachfolgend zumeist nur \u201eDaten\u201c genannt) werden von uns nur im Rahmen der Erforderlichkeit sowie zum Zwecke der Bereitstellung eines funktionsf\u00e4higen und nutzerfreundlichen Internetauftritts, inklusive seiner Inhalte und der dort angebotenen Leistungen, verarbeitet. Gem\u00e4\u00df Art. 4 Ziffer 1. der Verordnung (EU) 2016\/679, also der Datenschutz-Grundverordnung (nachfolgend nur \u201eDSGVO\u201c genannt), gilt als \u201eVerarbeitung\u201c jeder [&hellip;]\" \/>\n<meta property=\"og:url\" content=\"https:\/\/www.relaxgas.de\/index.php\/datenschutzerklaerung\/\" \/>\n<meta property=\"og:site_name\" content=\"Optimization Engineers\" \/>\n<meta property=\"article:modified_time\" content=\"2025-03-27T18:41:12+00:00\" \/>\n<meta name=\"twitter:card\" content=\"summary_large_image\" \/>\n<meta name=\"twitter:label1\" content=\"Gesch\u00e4tzte Lesezeit\" \/>\n\t<meta name=\"twitter:data1\" content=\"8\u00a0Minuten\" \/>\n<script type=\"application\/ld+json\" class=\"yoast-schema-graph\">{\"@context\":\"https:\/\/schema.org\",\"@graph\":[{\"@type\":\"WebPage\",\"@id\":\"https:\/\/www.relaxgas.de\/index.php\/datenschutzerklaerung\/\",\"url\":\"https:\/\/www.relaxgas.de\/index.php\/datenschutzerklaerung\/\",\"name\":\"Datenschutzerkl\u00e4rung - Optimization Engineers\",\"isPartOf\":{\"@id\":\"https:\/\/www.relaxgas.de\/#website\"},\"datePublished\":\"2025-02-19T08:45:36+00:00\",\"dateModified\":\"2025-03-27T18:41:12+00:00\",\"breadcrumb\":{\"@id\":\"https:\/\/www.relaxgas.de\/index.php\/datenschutzerklaerung\/#breadcrumb\"},\"inLanguage\":\"de\",\"potentialAction\":[{\"@type\":\"ReadAction\",\"target\":[\"https:\/\/www.relaxgas.de\/index.php\/datenschutzerklaerung\/\"]}]},{\"@type\":\"BreadcrumbList\",\"@id\":\"https:\/\/www.relaxgas.de\/index.php\/datenschutzerklaerung\/#breadcrumb\",\"itemListElement\":[{\"@type\":\"ListItem\",\"position\":1,\"name\":\"Startseite\",\"item\":\"https:\/\/www.relaxgas.de\/\"},{\"@type\":\"ListItem\",\"position\":2,\"name\":\"Datenschutzerkl\u00e4rung\"}]},{\"@type\":\"WebSite\",\"@id\":\"https:\/\/www.relaxgas.de\/#website\",\"url\":\"https:\/\/www.relaxgas.de\/\",\"name\":\"Optimization Engineers\",\"description\":\"Nachhaltig. Fair. Entspannt versorgt!\",\"publisher\":{\"@id\":\"https:\/\/www.relaxgas.de\/#organization\"},\"potentialAction\":[{\"@type\":\"SearchAction\",\"target\":{\"@type\":\"EntryPoint\",\"urlTemplate\":\"https:\/\/www.relaxgas.de\/?s={search_term_string}\"},\"query-input\":{\"@type\":\"PropertyValueSpecification\",\"valueRequired\":true,\"valueName\":\"search_term_string\"}}],\"inLanguage\":\"de\"},{\"@type\":\"Organization\",\"@id\":\"https:\/\/www.relaxgas.de\/#organization\",\"name\":\"Optimization Engineers\",\"url\":\"https:\/\/www.relaxgas.de\/\",\"logo\":{\"@type\":\"ImageObject\",\"inLanguage\":\"de\",\"@id\":\"https:\/\/www.relaxgas.de\/#\/schema\/logo\/image\/\",\"url\":\"https:\/\/www.relaxgas.de\/wp-content\/uploads\/2025\/02\/1234.png\",\"contentUrl\":\"https:\/\/www.relaxgas.de\/wp-content\/uploads\/2025\/02\/1234.png\",\"width\":1509,\"height\":568,\"caption\":\"Optimization Engineers\"},\"image\":{\"@id\":\"https:\/\/www.relaxgas.de\/#\/schema\/logo\/image\/\"}}]}<\/script>\n<!-- \/ Yoast SEO plugin. -->","yoast_head_json":{"title":"Datenschutzerkl\u00e4rung - Optimization Engineers","robots":{"index":"index","follow":"follow","max-snippet":"max-snippet:-1","max-image-preview":"max-image-preview:large","max-video-preview":"max-video-preview:-1"},"canonical":"https:\/\/www.relaxgas.de\/index.php\/datenschutzerklaerung\/","og_locale":"de_DE","og_type":"article","og_title":"Datenschutzerkl\u00e4rung - Optimization Engineers","og_description":"Datenschutzerkl\u00e4rung Personenbezogene Daten (nachfolgend zumeist nur \u201eDaten\u201c genannt) werden von uns nur im Rahmen der Erforderlichkeit sowie zum Zwecke der Bereitstellung eines funktionsf\u00e4higen und nutzerfreundlichen Internetauftritts, inklusive seiner Inhalte und der dort angebotenen Leistungen, verarbeitet. Gem\u00e4\u00df Art. 4 Ziffer 1. der Verordnung (EU) 2016\/679, also der Datenschutz-Grundverordnung (nachfolgend nur \u201eDSGVO\u201c genannt), gilt als \u201eVerarbeitung\u201c jeder [&hellip;]","og_url":"https:\/\/www.relaxgas.de\/index.php\/datenschutzerklaerung\/","og_site_name":"Optimization Engineers","article_modified_time":"2025-03-27T18:41:12+00:00","twitter_card":"summary_large_image","twitter_misc":{"Gesch\u00e4tzte Lesezeit":"8\u00a0Minuten"},"schema":{"@context":"https:\/\/schema.org","@graph":[{"@type":"WebPage","@id":"https:\/\/www.relaxgas.de\/index.php\/datenschutzerklaerung\/","url":"https:\/\/www.relaxgas.de\/index.php\/datenschutzerklaerung\/","name":"Datenschutzerkl\u00e4rung - Optimization Engineers","isPartOf":{"@id":"https:\/\/www.relaxgas.de\/#website"},"datePublished":"2025-02-19T08:45:36+00:00","dateModified":"2025-03-27T18:41:12+00:00","breadcrumb":{"@id":"https:\/\/www.relaxgas.de\/index.php\/datenschutzerklaerung\/#breadcrumb"},"inLanguage":"de","potentialAction":[{"@type":"ReadAction","target":["https:\/\/www.relaxgas.de\/index.php\/datenschutzerklaerung\/"]}]},{"@type":"BreadcrumbList","@id":"https:\/\/www.relaxgas.de\/index.php\/datenschutzerklaerung\/#breadcrumb","itemListElement":[{"@type":"ListItem","position":1,"name":"Startseite","item":"https:\/\/www.relaxgas.de\/"},{"@type":"ListItem","position":2,"name":"Datenschutzerkl\u00e4rung"}]},{"@type":"WebSite","@id":"https:\/\/www.relaxgas.de\/#website","url":"https:\/\/www.relaxgas.de\/","name":"Optimization Engineers","description":"Nachhaltig. Fair. Entspannt versorgt!","publisher":{"@id":"https:\/\/www.relaxgas.de\/#organization"},"potentialAction":[{"@type":"SearchAction","target":{"@type":"EntryPoint","urlTemplate":"https:\/\/www.relaxgas.de\/?s={search_term_string}"},"query-input":{"@type":"PropertyValueSpecification","valueRequired":true,"valueName":"search_term_string"}}],"inLanguage":"de"},{"@type":"Organization","@id":"https:\/\/www.relaxgas.de\/#organization","name":"Optimization Engineers","url":"https:\/\/www.relaxgas.de\/","logo":{"@type":"ImageObject","inLanguage":"de","@id":"https:\/\/www.relaxgas.de\/#\/schema\/logo\/image\/","url":"https:\/\/www.relaxgas.de\/wp-content\/uploads\/2025\/02\/1234.png","contentUrl":"https:\/\/www.relaxgas.de\/wp-content\/uploads\/2025\/02\/1234.png","width":1509,"height":568,"caption":"Optimization Engineers"},"image":{"@id":"https:\/\/www.relaxgas.de\/#\/schema\/logo\/image\/"}}]}},"_links":{"self":[{"href":"https:\/\/www.relaxgas.de\/index.php\/wp-json\/wp\/v2\/pages\/297","targetHints":{"allow":["GET"]}}],"collection":[{"href":"https:\/\/www.relaxgas.de\/index.php\/wp-json\/wp\/v2\/pages"}],"about":[{"href":"https:\/\/www.relaxgas.de\/index.php\/wp-json\/wp\/v2\/types\/page"}],"author":[{"embeddable":true,"href":"https:\/\/www.relaxgas.de\/index.php\/wp-json\/wp\/v2\/users\/1"}],"replies":[{"embeddable":true,"href":"https:\/\/www.relaxgas.de\/index.php\/wp-json\/wp\/v2\/comments?post=297"}],"version-history":[{"count":4,"href":"https:\/\/www.relaxgas.de\/index.php\/wp-json\/wp\/v2\/pages\/297\/revisions"}],"predecessor-version":[{"id":474,"href":"https:\/\/www.relaxgas.de\/index.php\/wp-json\/wp\/v2\/pages\/297\/revisions\/474"}],"wp:attachment":[{"href":"https:\/\/www.relaxgas.de\/index.php\/wp-json\/wp\/v2\/media?parent=297"}],"curies":[{"name":"wp","href":"https:\/\/api.w.org\/{rel}","templated":true}]}}